{"id":1526,"date":"2022-08-03T03:25:18","date_gmt":"2022-08-03T01:25:18","guid":{"rendered":"https:\/\/fermxpert.com\/?page_id=1526"},"modified":"2022-08-03T03:25:21","modified_gmt":"2022-08-03T01:25:21","slug":"linki","status":"publish","type":"page","link":"https:\/\/fermxpert.com\/pl\/linki\/","title":{"rendered":"Linki"},"content":{"rendered":"\n<div class=\"wp-block-divi-layout\">[et_pb_section fb_built=&#8221;1&#8243; _builder_version=&#8221;4.17.6&#8243; custom_margin=&#8221;0px||||false|false&#8221; custom_padding=&#8221;0px||||false|false&#8221; locked=&#8221;off&#8221; template_type=&#8221;section&#8221; global_colors_info=&#8221;{}&#8221;][et_pb_row column_structure=&#8221;1_2,1_2&#8243; _builder_version=&#8221;4.17.6&#8243; background_size=&#8221;initial&#8221; background_position=&#8221;top_left&#8221; background_repeat=&#8221;repeat&#8221; width=&#8221;100%&#8221; custom_margin=&#8221;0px||||false|false&#8221; custom_padding=&#8221;0px||||false|false&#8221; global_colors_info=&#8221;{}&#8221;][et_pb_column type=&#8221;1_2&#8243; _builder_version=&#8221;4.17.6&#8243; _module_preset=&#8221;default&#8221; global_colors_info=&#8221;{}&#8221;][et_pb_blurb title=&#8221;YouTube&#8221; url=&#8221;https:\/\/youtube.com\/fermxpert&#8221; image_icon_background_color=&#8221;RGBA(255,255,255,0)&#8221; image=&#8221;https:\/\/fermxpert.com\/wp-content\/uploads\/links-youtube.jpg&#8221; _builder_version=&#8221;4.17.6&#8243; _module_preset=&#8221;default&#8221; header_text_align=&#8221;center&#8221; background_color=&#8221;#FFFFFF&#8221; image_icon_custom_margin=&#8221;-10px|-20px|0px|-20px|false|false&#8221; image_icon_custom_padding=&#8221;||||false|false&#8221; custom_padding=&#8221;10px|20px|10px|20px|false|false&#8221; link_option_url=&#8221;https:\/\/youtube.com\/fermxpert&#8221; hover_enabled=&#8221;0&#8243; border_radii=&#8221;on|10px|10px|10px|10px&#8221; border_color_all_image=&#8221;RGBA(255,255,255,0)&#8221; box_shadow_style=&#8221;preset3&#8243; global_colors_info=&#8221;{}&#8221; title_text=&#8221;YouTube&#8221; sticky_enabled=&#8221;0&#8243;]<p>Filmy z przepisami i eksperymentami, publikowane co dwa tygodnie.<\/p>\n<p style=\"text-align: right;\">Zobacz \u00bb<\/p>[\/et_pb_blurb][\/et_pb_column][et_pb_column type=&#8221;1_2&#8243; _builder_version=&#8221;4.17.6&#8243; _module_preset=&#8221;default&#8221; global_colors_info=&#8221;{}&#8221;][et_pb_blurb title=&#8221;Instagram&#8221; url=&#8221;https:\/\/instagram.com\/fermxpert&#8221; image_icon_background_color=&#8221;RGBA(255,255,255,0)&#8221; image=&#8221;https:\/\/fermxpert.com\/wp-content\/uploads\/links-instagram.jpg&#8221; image_last_edited=&#8221;off|desktop&#8221; _builder_version=&#8221;4.17.6&#8243; _module_preset=&#8221;default&#8221; header_text_align=&#8221;center&#8221; background_color=&#8221;#FFFFFF&#8221; image_icon_custom_margin=&#8221;-10px|-20px|0px|-20px|false|false&#8221; image_icon_custom_padding=&#8221;||||false|false&#8221; custom_padding=&#8221;10px|20px|10px|20px|false|false&#8221; link_option_url=&#8221;https:\/\/instagram.com\/fermxpert&#8221; hover_enabled=&#8221;0&#8243; border_radii=&#8221;on|10px|10px|10px|10px&#8221; border_color_all_image=&#8221;RGBA(255,255,255,0)&#8221; box_shadow_style=&#8221;preset3&#8243; global_colors_info=&#8221;{}&#8221; image__hover_enabled=&#8221;off|desktop&#8221; title_text=&#8221;Instagram&#8221; sticky_enabled=&#8221;0&#8243;]<p>Zdj\u0119cia publikowanych przepis\u00f3w i nie tylko.<\/p>\n<p style=\"text-align: right;\">Zobacz \u00bb<\/p>[\/et_pb_blurb][\/et_pb_column][\/et_pb_row][et_pb_row column_structure=&#8221;1_2,1_2&#8243; _builder_version=&#8221;4.17.6&#8243; background_size=&#8221;initial&#8221; background_position=&#8221;top_left&#8221; background_repeat=&#8221;repeat&#8221; width=&#8221;100%&#8221; custom_margin=&#8221;0px||||false|false&#8221; custom_padding=&#8221;0px||||false|false&#8221; locked=&#8221;off&#8221; global_colors_info=&#8221;{}&#8221;][et_pb_column type=&#8221;1_2&#8243; _builder_version=&#8221;4.17.6&#8243; _module_preset=&#8221;default&#8221; global_colors_info=&#8221;{}&#8221;][et_pb_blurb title=&#8221;Dailymotion&#8221; url=&#8221;https:\/\/www.dailymotion.com\/fermxpert&#8221; image_icon_background_color=&#8221;RGBA(255,255,255,0)&#8221; image=&#8221;https:\/\/fermxpert.com\/wp-content\/uploads\/links-dailymotion.jpg&#8221; _builder_version=&#8221;4.17.6&#8243; _module_preset=&#8221;default&#8221; header_text_align=&#8221;center&#8221; background_color=&#8221;#FFFFFF&#8221; image_icon_custom_margin=&#8221;-10px|-20px|0px|-20px|false|false&#8221; image_icon_custom_padding=&#8221;||||false|false&#8221; custom_padding=&#8221;10px|20px|10px|20px|false|false&#8221; link_option_url=&#8221;https:\/\/www.dailymotion.com\/fermxpert&#8221; hover_enabled=&#8221;0&#8243; border_radii=&#8221;on|10px|10px|10px|10px&#8221; border_color_all_image=&#8221;RGBA(255,255,255,0)&#8221; box_shadow_style=&#8221;preset3&#8243; global_colors_info=&#8221;{}&#8221; title_text=&#8221;Dailymotion&#8221; sticky_enabled=&#8221;0&#8243;]<p>Kopia tre\u015bci z YouTube.<\/p>\n<p style=\"text-align: right;\">Zobacz \u00bb<\/p>[\/et_pb_blurb][\/et_pb_column][et_pb_column type=&#8221;1_2&#8243; _builder_version=&#8221;4.17.6&#8243; _module_preset=&#8221;default&#8221; global_colors_info=&#8221;{}&#8221;][et_pb_blurb title=&#8221;Twitter&#8221; url=&#8221;https:\/\/twitter.com\/fermXpert&#8221; image_icon_background_color=&#8221;RGBA(255,255,255,0)&#8221; image=&#8221;https:\/\/fermxpert.com\/wp-content\/uploads\/links-twitter.jpg&#8221; image_last_edited=&#8221;off|desktop&#8221; _builder_version=&#8221;4.17.6&#8243; _module_preset=&#8221;default&#8221; header_text_align=&#8221;center&#8221; background_color=&#8221;#FFFFFF&#8221; image_icon_custom_margin=&#8221;-10px|-20px|0px|-20px|false|false&#8221; image_icon_custom_padding=&#8221;||||false|false&#8221; custom_padding=&#8221;10px|20px|10px|20px|false|false&#8221; link_option_url=&#8221;https:\/\/twitter.com\/fermXpert&#8221; hover_enabled=&#8221;0&#8243; border_radii=&#8221;on|10px|10px|10px|10px&#8221; border_color_all_image=&#8221;RGBA(255,255,255,0)&#8221; box_shadow_style=&#8221;preset3&#8243; global_colors_info=&#8221;{}&#8221; image__hover_enabled=&#8221;off|desktop&#8221; title_text=&#8221;Twitter&#8221; sticky_enabled=&#8221;0&#8243;]<p>Powiadomienia o publikowanych wpisach na blogu.<\/p>\n<p style=\"text-align: right;\">Zobacz \u00bb<\/p>[\/et_pb_blurb][\/et_pb_column][\/et_pb_row][et_pb_row column_structure=&#8221;1_2,1_2&#8243; _builder_version=&#8221;4.17.6&#8243; background_size=&#8221;initial&#8221; background_position=&#8221;top_left&#8221; background_repeat=&#8221;repeat&#8221; width=&#8221;100%&#8221; custom_margin=&#8221;0px||||false|false&#8221; custom_padding=&#8221;0px||||false|false&#8221; locked=&#8221;off&#8221; global_colors_info=&#8221;{}&#8221;][et_pb_column type=&#8221;1_2&#8243; _builder_version=&#8221;4.17.6&#8243; _module_preset=&#8221;default&#8221; global_colors_info=&#8221;{}&#8221;][et_pb_blurb title=&#8221;Pinterest&#8221; url=&#8221;https:\/\/pinterest.com\/fermXpert&#8221; image_icon_background_color=&#8221;RGBA(255,255,255,0)&#8221; image=&#8221;https:\/\/fermxpert.com\/wp-content\/uploads\/links-pinterest.jpg&#8221; _builder_version=&#8221;4.17.6&#8243; _module_preset=&#8221;default&#8221; header_text_align=&#8221;center&#8221; background_color=&#8221;#FFFFFF&#8221; image_icon_custom_margin=&#8221;-10px|-20px|0px|-20px|false|false&#8221; image_icon_custom_padding=&#8221;||||false|false&#8221; custom_padding=&#8221;10px|20px|10px|20px|false|false&#8221; link_option_url=&#8221;https:\/\/pinterest.com\/fermXpert&#8221; hover_enabled=&#8221;0&#8243; border_radii=&#8221;on|10px|10px|10px|10px&#8221; border_color_all_image=&#8221;RGBA(255,255,255,0)&#8221; box_shadow_style=&#8221;preset3&#8243; global_colors_info=&#8221;{}&#8221; title_text=&#8221;Pinterest&#8221; sticky_enabled=&#8221;0&#8243;]<p>Tre\u015bci z bloga, przypi\u0119te i zebrane w jednym miejscu.<\/p>\n<p style=\"text-align: right;\">Zobacz \u00bb<\/p>[\/et_pb_blurb][\/et_pb_column][et_pb_column type=&#8221;1_2&#8243; _builder_version=&#8221;4.17.6&#8243; _module_preset=&#8221;default&#8221; global_colors_info=&#8221;{}&#8221;][et_pb_blurb title=&#8221;Facebook&#8221; url=&#8221;https:\/\/facebook.com\/fermxpert&#8221; image_icon_background_color=&#8221;RGBA(255,255,255,0)&#8221; image=&#8221;https:\/\/fermxpert.com\/wp-content\/uploads\/links-facebook.jpg&#8221; image_last_edited=&#8221;off|desktop&#8221; _builder_version=&#8221;4.17.6&#8243; _module_preset=&#8221;default&#8221; header_text_align=&#8221;center&#8221; background_color=&#8221;#FFFFFF&#8221; image_icon_custom_margin=&#8221;-10px|-20px|0px|-20px|false|false&#8221; image_icon_custom_padding=&#8221;||||false|false&#8221; custom_padding=&#8221;10px|20px|10px|20px|false|false&#8221; link_option_url=&#8221;https:\/\/facebook.com\/fermxpert&#8221; hover_enabled=&#8221;0&#8243; border_radii=&#8221;on|10px|10px|10px|10px&#8221; border_color_all_image=&#8221;RGBA(255,255,255,0)&#8221; box_shadow_style=&#8221;preset3&#8243; global_colors_info=&#8221;{}&#8221; image__hover_enabled=&#8221;off|desktop&#8221; title_text=&#8221;Facebook&#8221; sticky_enabled=&#8221;0&#8243;]<p>Powiadomienia o publikowanych wpisach na blogu.<\/p>\n<p style=\"text-align: right;\">Zobacz \u00bb<\/p>[\/et_pb_blurb][\/et_pb_column][\/et_pb_row][et_pb_row column_structure=&#8221;1_2,1_2&#8243; _builder_version=&#8221;4.17.6&#8243; background_size=&#8221;initial&#8221; background_position=&#8221;top_left&#8221; background_repeat=&#8221;repeat&#8221; width=&#8221;100%&#8221; custom_margin=&#8221;0px||||false|false&#8221; custom_padding=&#8221;0px||||false|false&#8221; locked=&#8221;off&#8221; global_colors_info=&#8221;{}&#8221;][et_pb_column type=&#8221;1_2&#8243; _builder_version=&#8221;4.17.6&#8243; _module_preset=&#8221;default&#8221; global_colors_info=&#8221;{}&#8221;][et_pb_blurb title=&#8221;Patronite&#8221; url=&#8221;https:\/\/patronite.pl\/fermxpert&#8221; image_icon_background_color=&#8221;RGBA(255,255,255,0)&#8221; image=&#8221;https:\/\/fermxpert.com\/wp-content\/uploads\/links-patronite.jpg&#8221; _builder_version=&#8221;4.17.6&#8243; _module_preset=&#8221;default&#8221; header_text_align=&#8221;center&#8221; background_color=&#8221;#FFFFFF&#8221; image_icon_custom_margin=&#8221;-10px|-20px|0px|-20px|false|false&#8221; image_icon_custom_padding=&#8221;||||false|false&#8221; custom_padding=&#8221;10px|20px|10px|20px|false|false&#8221; link_option_url=&#8221;https:\/\/patronite.pl\/fermxpert&#8221; hover_enabled=&#8221;0&#8243; border_radii=&#8221;on|10px|10px|10px|10px&#8221; border_color_all_image=&#8221;RGBA(255,255,255,0)&#8221; box_shadow_style=&#8221;preset3&#8243; global_colors_info=&#8221;{}&#8221; title_text=&#8221;Patronite&#8221; sticky_enabled=&#8221;0&#8243;]<p>Mo\u017cliwo\u015b\u0107 wsparcia mnie niewielk\u0105 kwot\u0105, dzi\u0119ki kt\u00f3rej b\u0119d\u0119 m\u00f3g\u0142 tworzy\u0107 wi\u0119cej interesuj\u0105cych tre\u015bci.<\/p>\n<p style=\"text-align: right;\">Wesprzyj \u00bb<\/p>[\/et_pb_blurb][\/et_pb_column][et_pb_column type=&#8221;1_2&#8243; _builder_version=&#8221;4.17.6&#8243; _module_preset=&#8221;default&#8221; global_colors_info=&#8221;{}&#8221;][et_pb_blurb title=&#8221;Patreon&#8221; url=&#8221;https:\/\/www.patreon.com\/fermxpert&#8221; image_icon_background_color=&#8221;RGBA(255,255,255,0)&#8221; image=&#8221;https:\/\/fermxpert.com\/wp-content\/uploads\/links-patreon.jpg&#8221; image_last_edited=&#8221;off|desktop&#8221; _builder_version=&#8221;4.17.6&#8243; _module_preset=&#8221;default&#8221; header_text_align=&#8221;center&#8221; background_color=&#8221;#FFFFFF&#8221; image_icon_custom_margin=&#8221;-10px|-20px|0px|-20px|false|false&#8221; image_icon_custom_padding=&#8221;||||false|false&#8221; custom_padding=&#8221;10px|20px|10px|20px|false|false&#8221; link_option_url=&#8221;https:\/\/www.patreon.com\/fermxpert&#8221; hover_enabled=&#8221;0&#8243; border_radii=&#8221;on|10px|10px|10px|10px&#8221; border_color_all_image=&#8221;RGBA(255,255,255,0)&#8221; box_shadow_style=&#8221;preset3&#8243; global_colors_info=&#8221;{}&#8221; image__hover_enabled=&#8221;off|desktop&#8221; title_text=&#8221;Patreon&#8221; sticky_enabled=&#8221;0&#8243;]<p>Mo\u017cliwo\u015b\u0107 wsparcia mnie niewielk\u0105 kwot\u0105, dzi\u0119ki kt\u00f3rej b\u0119d\u0119 m\u00f3g\u0142 tworzy\u0107 wi\u0119cej interesuj\u0105cych tre\u015bci.<\/p>\n<p style=\"text-align: right;\">Wesprzyj\u00bb<\/p>[\/et_pb_blurb][\/et_pb_column][\/et_pb_row][\/et_pb_section]<\/div>\n","protected":false},"excerpt":{"rendered":"","protected":false},"author":4,"featured_media":0,"parent":0,"menu_order":0,"comment_status":"closed","ping_status":"closed","template":"","meta":{"_et_pb_use_builder":"off","_et_pb_old_content":"","_et_gb_content_width":"","inline_featured_image":false,"footnotes":""},"class_list":["post-1526","page","type-page","status-publish","hentry"],"_links":{"self":[{"href":"https:\/\/fermxpert.com\/pl\/wp-json\/wp\/v2\/pages\/1526","targetHints":{"allow":["GET"]}}],"collection":[{"href":"https:\/\/fermxpert.com\/pl\/wp-json\/wp\/v2\/pages"}],"about":[{"href":"https:\/\/fermxpert.com\/pl\/wp-json\/wp\/v2\/types\/page"}],"author":[{"embeddable":true,"href":"https:\/\/fermxpert.com\/pl\/wp-json\/wp\/v2\/users\/4"}],"replies":[{"embeddable":true,"href":"https:\/\/fermxpert.com\/pl\/wp-json\/wp\/v2\/comments?post=1526"}],"version-history":[{"count":0,"href":"https:\/\/fermxpert.com\/pl\/wp-json\/wp\/v2\/pages\/1526\/revisions"}],"wp:attachment":[{"href":"https:\/\/fermxpert.com\/pl\/wp-json\/wp\/v2\/media?parent=1526"}],"curies":[{"name":"wp","href":"https:\/\/api.w.org\/{rel}","templated":true}]}}